{"id":11,"date":"2015-09-21T14:13:33","date_gmt":"2015-09-21T12:13:33","guid":{"rendered":"http:\/\/www.fingernagel.at\/?page_id=11"},"modified":"2022-10-17T10:32:49","modified_gmt":"2022-10-17T08:32:49","slug":"leistungen","status":"publish","type":"page","link":"http:\/\/www.fingernagel.at\/?page_id=11","title":{"rendered":"LEISTUNGEN"},"content":{"rendered":"<p style=\"text-align: justify;\">Tauchen Sie ein in die Oase des &#8222;Wohlf\u00fchlens&#8220; und werfen Sie einen ersten virtuellen Blick in das\u00a0Studio. Nachstehend finden Sie eine \u00dcbersicht der von uns angebotenen Dienstleistungen. F\u00fcr weitere Informationen kontaktieren Sie uns bitte telefonisch unter\u00a0<strong>+43 (0)316 813707<\/strong>\u00a0oder pers\u00f6nlich im Studio.<\/p>\n<p><img decoding=\"async\" loading=\"lazy\" class=\"size-medium wp-image-155\" src=\"http:\/\/www.fingernagel.at\/wp-content\/uploads\/2015\/09\/P2021378-300x225.jpg\" alt=\"OLYMPUS DIGITAL CAMERA\" width=\"300\" height=\"225\" srcset=\"http:\/\/www.fingernagel.at\/wp-content\/uploads\/2015\/09\/P2021378-300x225.jpg 300w, http:\/\/www.fingernagel.at\/wp-content\/uploads\/2015\/09\/P2021378-1024x768.jpg 1024w\" sizes=\"(max-width: 300px) 100vw, 300px\" \/><\/p>\n<p><img decoding=\"async\" loading=\"lazy\" class=\"alignnone size-medium wp-image-156\" src=\"http:\/\/www.fingernagel.at\/wp-content\/uploads\/2015\/09\/CIMG5350-300x225.jpg\" alt=\"CIMG5350\" width=\"300\" height=\"225\" \/><\/p>\n<p style=\"text-align: justify;\"><strong><br \/>\n<\/strong><\/p>\n<p style=\"text-align: justify;\"><strong><span style=\"color: #333399;\">NAGELDESIGN<\/span><br \/>\n<\/strong><br \/>\nDer Ursprung unseres Wirkens bietet exklusives Nageldesign wahlweise in Gel- oder Acrylvariante. Die Professionalit\u00e4t des Teams garantiert eine Top-Beratung unserer KundInnen und eine perfekte Dienstleistung.<\/p>\n<p style=\"text-align: justify;\">Wir beraten im Studio sehr ausf\u00fchrlich \u00fcber die Unterschiede von Gel- und Acryln\u00e4gel. Abh\u00e4ngig von den Naturn\u00e4geln und deren Stabilit\u00e4t sowie den pers\u00f6nlichen Vorstellungen wird gemeinsam \u00fcber die Wahl des Nageldesigns gesprochen. Um die optimale Mischung aus Stabilit\u00e4t und Nachgiebigkeit zu erhalten, ist der Einsatz der Acryl-Schablonentechnik erforderlich. Diese Technik hat sich \u00fcber Jahrzehnte bew\u00e4hrt. Acryl wird auch seit vielen Jahren in der Zahntechnik eingesetzt und zeigt die erfolgreiche Verwendung. Geln\u00e4gel sehen auch nat\u00fcrlich aus, verf\u00fcgen jedoch nicht \u00fcber die ausgepr\u00e4gte Stabilit\u00e4t im Vergleich zu den Acryln\u00e4geln.<\/p>\n<p style=\"text-align: justify;\"><img decoding=\"async\" loading=\"lazy\" class=\"alignnone wp-image-54\" src=\"http:\/\/www.fingernagel.at\/wp-content\/uploads\/2015\/09\/hand-282x300.jpg\" alt=\"hand\" width=\"173\" height=\"186\" \/><\/p>\n<p>&nbsp;<\/p>\n<p>&nbsp;<\/p>\n<p><span style=\"color: #333399;\"><strong>LASH EXTENSIONS<\/strong><\/span><\/p>\n<p style=\"text-align: justify;\">Hier werden einzelne synthetische Wimpern an die eigenen Wimpern angebracht. Dadurch erhalten sie mehr Dichte und L\u00e4nge. Sch\u00f6ne geschwungene und nat\u00fcrlich aussehende Wimpern sind das Ergebnis. Wimperntusche ist nicht mehr erforderlich und auch das Betreiben von Sport ist ohne Probleme m\u00f6glich. Der speziell entwickelte Kleber hat eine hervorragende Resistenz und Vertr\u00e4glichkeit.<\/p>\n<p style=\"text-align: justify;\"><img decoding=\"async\" loading=\"lazy\" class=\"alignnone wp-image-56\" src=\"http:\/\/www.fingernagel.at\/wp-content\/uploads\/2015\/09\/lash.jpg\" alt=\"lash\" width=\"180\" height=\"139\" \/><\/p>\n<p>&nbsp;<\/p>\n<p>&nbsp;<\/p>\n<p><span style=\"color: #333399;\"><strong>VISAGISTIK<\/strong><\/span><\/p>\n<p style=\"text-align: justify;\">Unsere KundInnen vertrauen auf das erfahrene Studio-Team und die exklusiven hochwertigen Produkte der Firma Horst Kirchberger. Durch die optimale Typ-Beratung in Verbindung mit der Anwendung von ausgew\u00e4hlter Kosmetika werden auch Sie die feinen Details erleben, die das Besondere zum Ausdruck bringen. Wir bieten in diesem Segment eine Vielzahl an Dienstleistungen wie Schminkberatung, Make-up f\u00fcr jeden Anlass (Tag\/Abend\/Hochzeit\/et cetera) bis hin zur attraktiven Einkaufsm\u00f6glichkeit in unserem Online-Shop.<\/p>\n<p style=\"text-align: justify;\"><img decoding=\"async\" loading=\"lazy\" class=\"alignnone wp-image-57\" src=\"http:\/\/www.fingernagel.at\/wp-content\/uploads\/2015\/09\/visagistik.jpg\" alt=\"visagistik\" width=\"180\" height=\"235\" \/><\/p>\n<p>&nbsp;<\/p>\n<p>&nbsp;<\/p>\n<p style=\"text-align: justify;\"><span style=\"color: #333399;\"><strong>KOSMETIK \u201eAND\u201c<\/strong><\/span><\/p>\n<p style=\"text-align: justify;\">\u201eAND\u201c steht f\u00fcr \u201eA Natural Difference\u201c und bringt den nat\u00fcrlichen Unterschied zutage, der die Ausstrahlung eines Menschen positiv unterstreicht. Wir bieten im Studio sogenannte Express-Behandlungen zum ersten Kennenlernen, Einstiegsbehandlungen, die Kosmetik Classic bis hin zur Behandlung von Problemhaut. Die Anti Aging Behandlung sorgt zudem f\u00fcr ein j\u00fcngeres und frischeres Aussehen.<br \/>\nWir sind kompetenter Ansprechpartner bei den Themen wie unreine Haut, unterlagerte Haut, erschlaffte Haut sowie bei Falten und Photoaging. Auch bei trockener Haut, fetter Haut, irritierter Haut, erweiterten Poren und bei R\u00f6tungen und Couperose beraten wir professionell. Sollte Ihre Haut durch das Rauchen und\/oder die Sonne beeintr\u00e4chtigt sein wissen wir Rat ebenso wie im Falle von \u00dcberpigmentierungen. Sprechen Sie uns vertrauensvoll an, wir beraten Sie gerne.<\/p>\n<p>&nbsp;<\/p>\n<p>&nbsp;<\/p>\n<p style=\"text-align: justify;\"><span style=\"color: #333399;\"><strong>K\u00d6RPERPRODUKTE \u201eAND\u201c<\/strong><\/span><\/p>\n<p style=\"text-align: justify;\">Der Schutz und die Pflege der Haut ist ein wichtiger Bestandteil unseres Lebens. Wir beraten Sie gerne zur attraktiven Produktvielfalt und den entsprechenden Anwendungen. Zudem k\u00f6nnen diese Produkte in unserem Online-Shop einfach und bequem bestellt werden.<\/p>\n<p style=\"text-align: justify;\"><img decoding=\"async\" loading=\"lazy\" class=\"alignnone wp-image-58\" src=\"http:\/\/www.fingernagel.at\/wp-content\/uploads\/2015\/09\/and-267x300.jpg\" alt=\"and\" width=\"180\" height=\"203\" srcset=\"http:\/\/www.fingernagel.at\/wp-content\/uploads\/2015\/09\/and-267x300.jpg 267w, http:\/\/www.fingernagel.at\/wp-content\/uploads\/2015\/09\/and.jpg 352w\" sizes=\"(max-width: 180px) 100vw, 180px\" \/><\/p>\n<p>&nbsp;<\/p>\n<p>&nbsp;<\/p>\n<p style=\"text-align: justify;\"><strong><span style=\"color: #333399;\">SKIN COACH<\/span><br \/>\n<\/strong><br \/>\nDiese Behandlung sorgt mit m\u00f6glichst nat\u00fcrlichen und sanften Mitteln f\u00fcr einen auf wohltuende Weise sichtbaren Lifting-Effekt. Die Haut zeigt schon nach der ersten Behandlung sichtbare und auch sp\u00fcrbare Ver\u00e4nderungen. Hierbei wird Hyaluron in die Haut eingeschleust. Durch eine spezielle Massagetechnik und dem Einsatz eines Lasers ist es m\u00f6glich bis zu 30 ml des Fillers einzuarbeiten. \u201eSkin Coach\u201c ist in Europa, Asien, Afrika und Australien vertreten und zeigt begeisternde Erfolge. Unser Studio war der erste \u201eSkin Coach\u201c in Graz und unterstrich damit wieder die Pionierstellung.<\/p>\n<p style=\"text-align: justify;\"><img decoding=\"async\" loading=\"lazy\" class=\"alignnone wp-image-59\" src=\"http:\/\/www.fingernagel.at\/wp-content\/uploads\/2015\/09\/skincoach-283x300.jpg\" alt=\"skincoach\" width=\"180\" height=\"191\" srcset=\"http:\/\/www.fingernagel.at\/wp-content\/uploads\/2015\/09\/skincoach-283x300.jpg 283w, http:\/\/www.fingernagel.at\/wp-content\/uploads\/2015\/09\/skincoach.jpg 334w\" sizes=\"(max-width: 180px) 100vw, 180px\" \/><\/p>\n<p>&nbsp;<\/p>\n<p>&nbsp;<\/p>\n<p style=\"text-align: justify;\"><span style=\"color: #333399;\"><strong>BODYSHAPER<\/strong><\/span><\/p>\n<p style=\"text-align: justify;\">Pure Entspannung und das Gef\u00fchl des Wohlf\u00fchlens w\u00e4hrend ihre Muskeln gezielt trainiert werden. Mit anschmiegsamen Pads sorgt der Ultratone daf\u00fcr, dass die Muskeln sich zusammen ziehen und wieder entspannen, so wie bei einem normalen Training. Durch diesen Vorgang wird ein Pumpeffekt bei der Lymphdrainage eingeleitet und in der Tiefe mit Interferenzstrom agiert. Der Ultratone kann auf jeder beliebigen K\u00f6rperpartie eingesetzt werden. Auch die Anwendung im Gesicht ist m\u00f6glich.<br \/>\nAls ideal erweist sich die Anwendung von Ultratone in Verbindung mit K\u00f6rperwickel. Diese Kombination b\u00fcndelt durch das intensive Einwirken beider Elemente das Training und die Straffung.<\/p>\n<p style=\"text-align: justify;\"><img decoding=\"async\" loading=\"lazy\" class=\"alignnone wp-image-61\" src=\"http:\/\/www.fingernagel.at\/wp-content\/uploads\/2015\/09\/bodyshaper.jpg\" alt=\"bodyshaper\" width=\"180\" height=\"87\" \/><\/p>\n<p>&nbsp;<\/p>\n<p>&nbsp;<\/p>\n<p style=\"text-align: justify;\"><span style=\"color: #333399;\"><strong>K\u00d6RPERWICKEL<\/strong><\/span><\/p>\n<p style=\"text-align: justify;\">Die f\u00fcr den Menschen so wichtige Balance des K\u00f6rpers wird oftmals durch Faktoren des t\u00e4glichen Lebens beeinflusst. Diese sind zum Beispiel die falsche Ern\u00e4hrung, Nikotinkonsum, Stressphasen und vieles mehr. Die Auswirkungen zeigen sich vermehrt durch unsch\u00f6ne Fettp\u00f6lsterchen, Durchblutungsst\u00f6rungen und Ver\u00e4nderungen der Hautoberfl\u00e4che bis hin zur Entstehung von Cellulite.<\/p>\n<p style=\"text-align: justify;\">In unserem Studio bieten wir als gesunde Alternative die Aromatherapie-Wickelmethode. Hierbei handelt es sich um eine effiziente K\u00f6rperbehandlung um gezielt Gewicht zu reduzieren und schlaffes Gewebe zu straffen. Eine zus\u00e4tzliche Ern\u00e4hrungsumstellung sowie regelm\u00e4\u00dfige k\u00f6rperliche Bet\u00e4tigung f\u00f6rdern diese Behandlungsweise und sorgen in der Gesamtheit nach einigen Wochen bereits f\u00fcr sichtbare Erfolge.<\/p>\n<p style=\"text-align: justify;\">Die \u00e4therischen Wirkstoffe und die exakte Wickeltechnik bewirken eine starke Entschlackung, Entgiftung, Straffung, Festigung und erh\u00f6hen die Durchblutung. Die Kur sollte 10 bis 20 Behandlungen umfassen. Nach Erreichung des Idealzustandes sollten diese Vorg\u00e4nge in regelm\u00e4\u00dfigen Abst\u00e4nden wiederholt werden um diesen Zustand beizubehalten. Erfahren Sie mehr \u00fcber die Anwendung und Wirkung dieser Technik direkt in unserem Studio bei einem Beratungsgespr\u00e4ch.<\/p>\n<p style=\"text-align: justify;\"><img decoding=\"async\" loading=\"lazy\" class=\"alignnone wp-image-62\" src=\"http:\/\/www.fingernagel.at\/wp-content\/uploads\/2015\/09\/wickel.jpg\" alt=\"wickel\" width=\"180\" height=\"241\" \/><\/p>\n<p>&nbsp;<\/p>\n<p>&nbsp;<\/p>\n<p style=\"text-align: justify;\"><span style=\"color: #333399;\"><strong>HAARENTFERNUNG &#8211; HALAWA<\/strong><\/span><\/p>\n<p style=\"text-align: justify;\">Mit dieser besonders sanften und zu 100% nat\u00fcrlichen Methode der Haarentfernung sorgen wir f\u00fcr seidenweiche und glatte Haut bei Frauen und M\u00e4nnern gleicherma\u00dfen. Tabu-Themen betreffend K\u00f6rperbehaarung an sensiblen und intimen Zonen werden ebenso zur vollsten Zufriedenheit unserer KundInnen vertrauensvoll behandelt. Die bei dieser Methode verwendete Zuckerma\u00dfe erzielt zudem einen Peeling-Effekt. \u00dcbrigens, schon Cleopatra kannte das bew\u00e4hrte Verfahren um l\u00e4stige Haare nachhaltig zu entfernen.<\/p>\n<p style=\"text-align: justify;\"><img decoding=\"async\" loading=\"lazy\" class=\"alignnone wp-image-65\" src=\"http:\/\/www.fingernagel.at\/wp-content\/uploads\/2015\/09\/halawa-300x202.jpg\" alt=\"halawa\" width=\"180\" height=\"121\" srcset=\"http:\/\/www.fingernagel.at\/wp-content\/uploads\/2015\/09\/halawa-300x202.jpg 300w, http:\/\/www.fingernagel.at\/wp-content\/uploads\/2015\/09\/halawa.jpg 541w\" sizes=\"(max-width: 180px) 100vw, 180px\" \/><\/p>\n<p>&nbsp;<\/p>\n<p>&nbsp;<\/p>\n<p style=\"text-align: justify;\"><span style=\"color: #333399;\"><strong>CPL &#8211; HAARENTFERNUNG<\/strong><\/span><br \/>\nDetails zu dieser exklusiven Art der Haarentfernung finden Sie unter <span style=\"color: #0000ff;\"><a href=\"http:\/\/www.dermacell-swiss.com\/XLight-CPL.10.0.html\" target=\"_blank\">http:\/\/www.dermacell-swiss.com\/XLight-CPL.10.0.html<\/a><\/span><\/p>\n<p>&nbsp;<\/p>\n<p>&nbsp;<\/p>\n<p style=\"text-align: justify;\"><span style=\"color: #333399;\"><strong>SPA im Studio RITTER NAILS KOSMETIK<\/strong><\/span><\/p>\n<p style=\"text-align: justify;\">Erleben Sie bei uns wahlweise die \u201eSPA GOLD THERAPY\u201c f\u00fcr die Leuchtkraft Ihrer Haut oder die \u201eSPA MARINE SPICE\u201c mit der Wohltat der Gew\u00fcrze.<br \/>\nDie Sonne ist g\u00f6ttliches Licht, ist Leben, ist Gold. Das Meer, in dem die sogenannte Goldalge vorhanden ist, wird durch die Sonne beeinflusst. Dadurch absorbiert diese Algenart das Edelmetall und speichert es. Die wohltuenden Eigenschaften f\u00fcr die Haut bildeten den Ursprung der \u201eSPA GOLD THERAPY\u201c. Die Haut erh\u00e4lt mit dieser revitalisierenden Therapie einen subtilen Goldschimmer und schenkt dem K\u00f6rper Leuchtkraft.<br \/>\nEin exotisches Erlebnis f\u00fcr K\u00f6rper und Geist bietet Ihnen die \u201eSPA MARINE SPICE\u201c-Behandlung. Die sorgf\u00e4ltige Auswahl an Gew\u00fcrzen wie Zimt, Ingwer, Kardamon, Safran, Vanille, Muskat, Gew\u00fcrznelken und Koriander bilden die perfekte Komponente f\u00fcr eine virtuelle Wohlf\u00fchl-Reise in den Fernen Osten. W\u00e4hlen Sie Ihre ganz pers\u00f6nliche Variante und genie\u00dfen Sie einen Hauch von Luxus.<\/p>\n<p style=\"text-align: justify;\"><img decoding=\"async\" loading=\"lazy\" class=\"alignnone wp-image-66\" src=\"http:\/\/www.fingernagel.at\/wp-content\/uploads\/2015\/09\/spagold.jpg\" alt=\"spagold\" width=\"180\" height=\"192\" \/><br \/>\n<img decoding=\"async\" loading=\"lazy\" class=\"alignnone wp-image-67\" src=\"http:\/\/www.fingernagel.at\/wp-content\/uploads\/2015\/09\/spaasien.jpg\" alt=\"spaasien\" width=\"180\" height=\"174\" \/><\/p>\n<p>&nbsp;<\/p>\n<p>&nbsp;<\/p>\n<p style=\"text-align: justify;\"><span style=\"color: #333399;\"><strong>FUSSPFLEGE<\/strong><\/span><\/p>\n<p style=\"text-align: justify;\">Tagt\u00e4glich sind sie einer starken Belastung ausgesetzt. Oftmals wird ihre wahre Leistung untersch\u00e4tzt. Die F\u00fc\u00dfe sind die tragenden S\u00e4ulen unseres K\u00f6rpers. Mit unserem \u201eVerw\u00f6hn-Programm\u201c und der wohltuenden Pflegekomponenten setzen wir ein Zeichen der Entspannung.<\/p>\n<p style=\"text-align: justify;\"><img decoding=\"async\" loading=\"lazy\" class=\"alignnone wp-image-68\" src=\"http:\/\/www.fingernagel.at\/wp-content\/uploads\/2015\/09\/fusspflege.jpg\" alt=\"fusspflege\" width=\"180\" height=\"158\" \/><\/p>\n<p>&nbsp;<\/p>\n<p>&nbsp;<\/p>\n<p style=\"text-align: justify;\"><span style=\"color: #333399;\"><strong>ANGEBOTE<br \/>\n<\/strong><\/span><\/p>\n<p style=\"text-align: justify;\">Hier finden Sie die st\u00e4ndig aktualisierten\u00a0Dienstleistungen inklusive Preisangaben, zeitlich begrenzte Sonder-Aktionen, saisonale Aktivit\u00e4ten f\u00fcr unsere KundInnen und vieles mehr. Ihr Besuch auf unserer Website lohnt sich.<\/p>\n","protected":false},"excerpt":{"rendered":"<p>Tauchen Sie ein in die Oase des &#8222;Wohlf\u00fchlens&#8220; und werfen Sie einen ersten virtuellen Blick in das\u00a0Studio. Nachstehend finden Sie eine \u00dcbersicht der von uns angebotenen Dienstleistungen. F\u00fcr weitere Informationen kontaktieren Sie uns bitte telefonisch unter\u00a0+43 (0)316 813707\u00a0oder pers\u00f6nlich im Studio. NAGELDESIGN Der Ursprung unseres Wirkens bietet exklusives Nageldesign wahlweise in Gel- oder Acrylvariante. Die [&hellip;]<\/p>\n","protected":false},"author":1,"featured_media":169,"parent":0,"menu_order":0,"comment_status":"closed","ping_status":"closed","template":"template-fullwidth.php","meta":[],"_links":{"self":[{"href":"http:\/\/www.fingernagel.at\/index.php?rest_route=\/wp\/v2\/pages\/11"}],"collection":[{"href":"http:\/\/www.fingernagel.at\/index.php?rest_route=\/wp\/v2\/pages"}],"about":[{"href":"http:\/\/www.fingernagel.at\/index.php?rest_route=\/wp\/v2\/types\/page"}],"author":[{"embeddable":true,"href":"http:\/\/www.fingernagel.at\/index.php?rest_route=\/wp\/v2\/users\/1"}],"replies":[{"embeddable":true,"href":"http:\/\/www.fingernagel.at\/index.php?rest_route=%2Fwp%2Fv2%2Fcomments&post=11"}],"version-history":[{"count":38,"href":"http:\/\/www.fingernagel.at\/index.php?rest_route=\/wp\/v2\/pages\/11\/revisions"}],"predecessor-version":[{"id":243,"href":"http:\/\/www.fingernagel.at\/index.php?rest_route=\/wp\/v2\/pages\/11\/revisions\/243"}],"wp:featuredmedia":[{"embeddable":true,"href":"http:\/\/www.fingernagel.at\/index.php?rest_route=\/wp\/v2\/media\/169"}],"wp:attachment":[{"href":"http:\/\/www.fingernagel.at\/index.php?rest_route=%2Fwp%2Fv2%2Fmedia&parent=11"}],"curies":[{"name":"wp","href":"https:\/\/api.w.org\/{rel}","templated":true}]}}