{"id":13,"date":"2015-09-21T14:13:50","date_gmt":"2015-09-21T12:13:50","guid":{"rendered":"http:\/\/www.fingernagel.at\/?page_id=13"},"modified":"2015-10-07T13:01:19","modified_gmt":"2015-10-07T11:01:19","slug":"presse","status":"publish","type":"page","link":"http:\/\/www.fingernagel.at\/?page_id=13","title":{"rendered":"PRESSE"},"content":{"rendered":"<p style=\"text-align: justify;\">Mehr als 30 Jahre Pr\u00e4senz in der Branche der Sch\u00f6nheit und Pflege haben f\u00fcr eine Vielzahl an Medienberichten gesorgt. Des Weiteren sorgten unsere Dienstleistungen bei diversen Veranstaltungen f\u00fcr Furore und hinterlie\u00dfen beachtliche Eindr\u00fccke. Auszeichnungen die wir erhielten nahmen wir mit gro\u00dfer Ehre an. Events die wir im eigenen Studio und in ausgew\u00e4hlten Locations gemeinsam mit KundInnen, Gesch\u00e4ftspartnerInnen und Freunden zelebrierten waren etwas Besonderes. Aus diesen Beweggr\u00fcnden heraus m\u00f6chten wir den BesucherInnen unserer Website einen kleinen Streifzug aus mehr als 3 Jahrzehnten geben.<\/p>\n<p style=\"text-align: justify;\"><a href=\"http:\/\/www.fingernagel.at\/wp-content\/uploads\/2015\/09\/WERBUNG-WOCHE-2013-fertig.pdf\" target=\"_blank\"><img decoding=\"async\" loading=\"lazy\" class=\"alignnone wp-image-100\" src=\"http:\/\/www.fingernagel.at\/wp-content\/uploads\/2015\/09\/presse1-221x300.jpg\" alt=\"presse1\" width=\"180\" height=\"244\" srcset=\"http:\/\/www.fingernagel.at\/wp-content\/uploads\/2015\/09\/presse1-221x300.jpg 221w, http:\/\/www.fingernagel.at\/wp-content\/uploads\/2015\/09\/presse1.jpg 368w\" sizes=\"(max-width: 180px) 100vw, 180px\" \/><\/a><\/p>\n<p style=\"text-align: justify;\"><img decoding=\"async\" loading=\"lazy\" class=\"alignnone wp-image-102\" src=\"http:\/\/www.fingernagel.at\/wp-content\/uploads\/2015\/09\/presse2-216x300.jpg\" alt=\"presse2\" width=\"180\" height=\"250\" srcset=\"http:\/\/www.fingernagel.at\/wp-content\/uploads\/2015\/09\/presse2-216x300.jpg 216w, http:\/\/www.fingernagel.at\/wp-content\/uploads\/2015\/09\/presse2.jpg 322w\" sizes=\"(max-width: 180px) 100vw, 180px\" \/><\/p>\n","protected":false},"excerpt":{"rendered":"<p>Mehr als 30 Jahre Pr\u00e4senz in der Branche der Sch\u00f6nheit und Pflege haben f\u00fcr eine Vielzahl an Medienberichten gesorgt. Des Weiteren sorgten unsere Dienstleistungen bei diversen Veranstaltungen f\u00fcr Furore und hinterlie\u00dfen beachtliche Eindr\u00fccke. Auszeichnungen die wir erhielten nahmen wir mit gro\u00dfer Ehre an. Events die wir im eigenen Studio und in ausgew\u00e4hlten Locations gemeinsam mit [&hellip;]<\/p>\n","protected":false},"author":1,"featured_media":169,"parent":0,"menu_order":0,"comment_status":"closed","ping_status":"closed","template":"template-fullwidth.php","meta":[],"_links":{"self":[{"href":"http:\/\/www.fingernagel.at\/index.php?rest_route=\/wp\/v2\/pages\/13"}],"collection":[{"href":"http:\/\/www.fingernagel.at\/index.php?rest_route=\/wp\/v2\/pages"}],"about":[{"href":"http:\/\/www.fingernagel.at\/index.php?rest_route=\/wp\/v2\/types\/page"}],"author":[{"embeddable":true,"href":"http:\/\/www.fingernagel.at\/index.php?rest_route=\/wp\/v2\/users\/1"}],"replies":[{"embeddable":true,"href":"http:\/\/www.fingernagel.at\/index.php?rest_route=%2Fwp%2Fv2%2Fcomments&post=13"}],"version-history":[{"count":8,"href":"http:\/\/www.fingernagel.at\/index.php?rest_route=\/wp\/v2\/pages\/13\/revisions"}],"predecessor-version":[{"id":106,"href":"http:\/\/www.fingernagel.at\/index.php?rest_route=\/wp\/v2\/pages\/13\/revisions\/106"}],"wp:featuredmedia":[{"embeddable":true,"href":"http:\/\/www.fingernagel.at\/index.php?rest_route=\/wp\/v2\/media\/169"}],"wp:attachment":[{"href":"http:\/\/www.fingernagel.at\/index.php?rest_route=%2Fwp%2Fv2%2Fmedia&parent=13"}],"curies":[{"name":"wp","href":"https:\/\/api.w.org\/{rel}","templated":true}]}}