{"id":9,"date":"2015-09-21T14:10:25","date_gmt":"2015-09-21T12:10:25","guid":{"rendered":"http:\/\/www.fingernagel.at\/?page_id=9"},"modified":"2020-12-15T11:48:41","modified_gmt":"2020-12-15T10:48:41","slug":"home","status":"publish","type":"page","link":"http:\/\/www.fingernagel.at\/","title":{"rendered":"HOME"},"content":{"rendered":"<p style=\"text-align: justify;\">Liebe\/r\u00a0 BesucherInnen unserer Website!<\/p>\n<p style=\"text-align: justify;\">Es waren die 1980er Jahre als wir &#8211; Christa und Hermann Ritter &#8211; auf den zu diesem Zeitpunkt in \u00d6sterreich unbekannten Beruf des Fingernagelmodellisten aufmerksam wurden. Nach einer in Deutschland absolvierten Ausbildung stand f\u00fcr uns fest, k\u00fcnftig diese Dienstleistung in unserer Heimat anzubieten. Im Jahr 1982 er\u00f6ffneten wir in der steirischen Landeshauptstadt Graz das erste Fingernagelstudio \u00d6sterreichs.<\/p>\n<p style=\"text-align: justify;\">Als Pioniere in einer stark wachsenden Branche haben wir das Portfolio st\u00e4ndig erweitert und bieten in unserem Studio neben dem exklusiven Nageldesign eine Vielzahl an weiteren Dienstleistungen im Kosmetik- und Fu\u00dfpflegebereich an.<\/p>\n<p style=\"text-align: justify;\">Um den hohen Qualit\u00e4tsstandard in unserem Studio zu garantieren verf\u00fcgen wir \u00fcber ein bestens geschultes und kompetentes Team. Permanente Aus- und Weiterbildungen sowie die modernsten Anwendungstechniken spiegeln sich in der Zufriedenheit unserer KundInnen wieder.<\/p>\n<p style=\"text-align: justify;\">Es erf\u00fcllt uns mit Stolz, in mehr als 40 Jahren unseres Wirkens auf eine Vielzahl an Auszeichnungen blicken zu k\u00f6nnen. Zahlreiche Medienberichte, exklusive Veranstaltungen und vieles mehr waren Wegbegleiter in dieser Zeit. Vieles hat sich seit dem Beginn ver\u00e4ndert, doch eines ist wie im Jahr 1982 \u00a0geblieben \u2013 die Leidenschaft, unseren KundInnen die Besonderheit und das Gef\u00fchl des \u201eWohlf\u00fchlens\u201c zu bieten.<\/p>\n<p style=\"text-align: justify;\">Besuchen Sie uns im Studio und lassen Sie sich inspirieren und verw\u00f6hnen.<\/p>\n<p style=\"text-align: justify;\">Herzlichst<\/p>\n<p><a href=\"http:\/\/www.fingernagel.at\/wp-content\/uploads\/2015\/09\/unterschrift.png\"><img decoding=\"async\" loading=\"lazy\" class=\"alignnone size-medium wp-image-170\" src=\"http:\/\/www.fingernagel.at\/wp-content\/uploads\/2015\/09\/unterschrift-300x30.png\" alt=\"unterschrift\" width=\"300\" height=\"30\" srcset=\"http:\/\/www.fingernagel.at\/wp-content\/uploads\/2015\/09\/unterschrift-300x30.png 300w, http:\/\/www.fingernagel.at\/wp-content\/uploads\/2015\/09\/unterschrift.png 331w\" sizes=\"(max-width: 300px) 100vw, 300px\" \/><\/a><\/p>\n","protected":false},"excerpt":{"rendered":"<p>Liebe\/r\u00a0 BesucherInnen unserer Website! Es waren die 1980er Jahre als wir &#8211; Christa und Hermann Ritter &#8211; auf den zu diesem Zeitpunkt in \u00d6sterreich unbekannten Beruf des Fingernagelmodellisten aufmerksam wurden. Nach einer in Deutschland absolvierten Ausbildung stand f\u00fcr uns fest, k\u00fcnftig diese Dienstleistung in unserer Heimat anzubieten. Im Jahr 1982 er\u00f6ffneten wir in der steirischen [&hellip;]<\/p>\n","protected":false},"author":1,"featured_media":169,"parent":0,"menu_order":0,"comment_status":"closed","ping_status":"closed","template":"template-fullwidth.php","meta":[],"_links":{"self":[{"href":"http:\/\/www.fingernagel.at\/index.php?rest_route=\/wp\/v2\/pages\/9"}],"collection":[{"href":"http:\/\/www.fingernagel.at\/index.php?rest_route=\/wp\/v2\/pages"}],"about":[{"href":"http:\/\/www.fingernagel.at\/index.php?rest_route=\/wp\/v2\/types\/page"}],"author":[{"embeddable":true,"href":"http:\/\/www.fingernagel.at\/index.php?rest_route=\/wp\/v2\/users\/1"}],"replies":[{"embeddable":true,"href":"http:\/\/www.fingernagel.at\/index.php?rest_route=%2Fwp%2Fv2%2Fcomments&post=9"}],"version-history":[{"count":9,"href":"http:\/\/www.fingernagel.at\/index.php?rest_route=\/wp\/v2\/pages\/9\/revisions"}],"predecessor-version":[{"id":239,"href":"http:\/\/www.fingernagel.at\/index.php?rest_route=\/wp\/v2\/pages\/9\/revisions\/239"}],"wp:featuredmedia":[{"embeddable":true,"href":"http:\/\/www.fingernagel.at\/index.php?rest_route=\/wp\/v2\/media\/169"}],"wp:attachment":[{"href":"http:\/\/www.fingernagel.at\/index.php?rest_route=%2Fwp%2Fv2%2Fmedia&parent=9"}],"curies":[{"name":"wp","href":"https:\/\/api.w.org\/{rel}","templated":true}]}}